{"id":1538,"date":"2024-01-16T06:23:10","date_gmt":"2024-01-16T06:23:10","guid":{"rendered":"https:\/\/eco-coach.pro\/?page_id=1538"},"modified":"2024-08-05T13:53:31","modified_gmt":"2024-08-05T12:53:31","slug":"apporteurs-daffaires","status":"publish","type":"page","link":"https:\/\/eco-coach.pro\/index.php\/artisans\/apporteurs-daffaires\/","title":{"rendered":"Apporteurs d&rsquo;affaires"},"content":{"rendered":"\t\t<div data-elementor-type=\"wp-page\" data-elementor-id=\"1538\" class=\"elementor elementor-1538\">\n\t\t\t\t\t\t<section class=\"ob-is-breaking-bad elementor-section elementor-top-section elementor-element elementor-element-3cef0c7 elementor-section-boxed elementor-section-height-default elementor-section-height-default\" data-id=\"3cef0c7\" data-element_type=\"section\" data-e-type=\"section\" data-settings=\"{&quot;background_background&quot;:&quot;classic&quot;,&quot;_ob_bbad_use_it&quot;:&quot;yes&quot;,&quot;_ob_bbad_sssic_use&quot;:&quot;no&quot;,&quot;_ob_glider_is_slider&quot;:&quot;no&quot;}\">\n\t\t\t\t\t\t<div class=\"elementor-container elementor-column-gap-default\">\n\t\t\t\t\t<div class=\"elementor-column elementor-col-100 elementor-top-column elementor-element elementor-element-428a484\" data-id=\"428a484\" data-element_type=\"column\" data-e-type=\"column\" data-settings=\"{&quot;_ob_bbad_is_stalker&quot;:&quot;no&quot;,&quot;_ob_teleporter_use&quot;:false,&quot;_ob_column_hoveranimator&quot;:&quot;no&quot;,&quot;_ob_column_has_pseudo&quot;:&quot;no&quot;}\">\n\t\t\t<div class=\"elementor-widget-wrap elementor-element-populated\">\n\t\t\t\t\t\t<div class=\"elementor-element elementor-element-2ff1c89e animated-fast ob-harakiri-inherit elementor-invisible ob-has-background-overlay elementor-widget elementor-widget-heading\" data-id=\"2ff1c89e\" data-element_type=\"widget\" data-e-type=\"widget\" data-settings=\"{&quot;_animation&quot;:&quot;fadeInUp&quot;,&quot;_ob_use_harakiri&quot;:&quot;yes&quot;,&quot;_ob_harakiri_writing_mode&quot;:&quot;inherit&quot;,&quot;_ob_harakiri_text_clip&quot;:&quot;none&quot;,&quot;_ob_perspektive_use&quot;:&quot;no&quot;,&quot;_ob_poopart_use&quot;:&quot;yes&quot;,&quot;_ob_shadough_use&quot;:&quot;no&quot;,&quot;_ob_allow_hoveranimator&quot;:&quot;no&quot;,&quot;_ob_widget_stalker_use&quot;:&quot;no&quot;}\" data-widget_type=\"heading.default\">\n\t\t\t\t<div class=\"elementor-widget-container\">\n\t\t\t\t\t<h2 class=\"elementor-heading-title elementor-size-default\">Rejoignez le r\u00e9seau Eco-coach en devenant Point Info R\u00e9novation \u00e9nerg\u00e9tique.<\/h2>\t\t\t\t<\/div>\n\t\t\t\t<\/div>\n\t\t\t\t\t<\/div>\n\t\t<\/div>\n\t\t\t\t\t<\/div>\n\t\t<\/section>\n\t\t\t\t<section class=\"ob-is-breaking-bad elementor-section elementor-top-section elementor-element elementor-element-a3b18c9 elementor-section-boxed elementor-section-height-default elementor-section-height-default\" data-id=\"a3b18c9\" data-element_type=\"section\" data-e-type=\"section\" data-settings=\"{&quot;background_background&quot;:&quot;classic&quot;,&quot;shape_divider_bottom&quot;:&quot;waves&quot;,&quot;shape_divider_bottom_negative&quot;:&quot;yes&quot;,&quot;_ob_bbad_use_it&quot;:&quot;yes&quot;,&quot;_ob_bbad_sssic_use&quot;:&quot;no&quot;,&quot;_ob_glider_is_slider&quot;:&quot;no&quot;}\">\n\t\t\t\t\t<div class=\"elementor-shape elementor-shape-bottom\" aria-hidden=\"true\" data-negative=\"true\">\n\t\t\t<svg xmlns=\"http:\/\/www.w3.org\/2000\/svg\" viewBox=\"0 0 1000 100\" preserveAspectRatio=\"none\">\n\t<path class=\"elementor-shape-fill\" d=\"M790.5,93.1c-59.3-5.3-116.8-18-192.6-50c-29.6-12.7-76.9-31-100.5-35.9c-23.6-4.9-52.6-7.8-75.5-5.3\n\tc-10.2,1.1-22.6,1.4-50.1,7.4c-27.2,6.3-58.2,16.6-79.4,24.7c-41.3,15.9-94.9,21.9-134,22.6C72,58.2,0,25.8,0,25.8V100h1000V65.3\n\tc0,0-51.5,19.4-106.2,25.7C839.5,97,814.1,95.2,790.5,93.1z\"\/>\n<\/svg>\t\t<\/div>\n\t\t\t\t\t<div class=\"elementor-container elementor-column-gap-default\">\n\t\t\t\t\t<div class=\"elementor-column elementor-col-100 elementor-top-column elementor-element elementor-element-33a69003\" data-id=\"33a69003\" data-element_type=\"column\" data-e-type=\"column\" data-settings=\"{&quot;_ob_bbad_is_stalker&quot;:&quot;no&quot;,&quot;_ob_teleporter_use&quot;:false,&quot;_ob_column_hoveranimator&quot;:&quot;no&quot;,&quot;_ob_column_has_pseudo&quot;:&quot;no&quot;}\">\n\t\t\t<div class=\"elementor-widget-wrap elementor-element-populated\">\n\t\t\t\t\t\t<div class=\"elementor-element elementor-element-6242e750 animated-fast elementor-invisible ob-has-background-overlay elementor-widget elementor-widget-accordion\" data-id=\"6242e750\" data-element_type=\"widget\" data-e-type=\"widget\" data-settings=\"{&quot;_animation&quot;:&quot;fadeInUp&quot;,&quot;_animation_delay&quot;:300,&quot;_ob_perspektive_use&quot;:&quot;no&quot;,&quot;_ob_poopart_use&quot;:&quot;yes&quot;,&quot;_ob_shadough_use&quot;:&quot;no&quot;,&quot;_ob_allow_hoveranimator&quot;:&quot;no&quot;,&quot;_ob_widget_stalker_use&quot;:&quot;no&quot;}\" data-widget_type=\"accordion.default\">\n\t\t\t\t<div class=\"elementor-widget-container\">\n\t\t\t\t\t\t\t<div class=\"elementor-accordion\">\n\t\t\t\t\t\t\t<div class=\"elementor-accordion-item\">\n\t\t\t\t\t<div id=\"elementor-tab-title-1641\" class=\"elementor-tab-title\" data-tab=\"1\" role=\"button\" aria-controls=\"elementor-tab-content-1641\" aria-expanded=\"false\">\n\t\t\t\t\t\t\t\t\t\t\t\t\t<span class=\"elementor-accordion-icon elementor-accordion-icon-right\" aria-hidden=\"true\">\n\t\t\t\t\t\t\t\t\t\t\t\t\t\t\t<span class=\"elementor-accordion-icon-closed\"><svg class=\"e-font-icon-svg e-fas-angle-down\" viewBox=\"0 0 320 512\" xmlns=\"http:\/\/www.w3.org\/2000\/svg\"><path d=\"M143 352.3L7 216.3c-9.4-9.4-9.4-24.6 0-33.9l22.6-22.6c9.4-9.4 24.6-9.4 33.9 0l96.4 96.4 96.4-96.4c9.4-9.4 24.6-9.4 33.9 0l22.6 22.6c9.4 9.4 9.4 24.6 0 33.9l-136 136c-9.2 9.4-24.4 9.4-33.8 0z\"><\/path><\/svg><\/span>\n\t\t\t\t\t\t\t\t<span class=\"elementor-accordion-icon-opened\"><svg class=\"e-font-icon-svg e-fas-angle-up\" viewBox=\"0 0 320 512\" xmlns=\"http:\/\/www.w3.org\/2000\/svg\"><path d=\"M177 159.7l136 136c9.4 9.4 9.4 24.6 0 33.9l-22.6 22.6c-9.4 9.4-24.6 9.4-33.9 0L160 255.9l-96.4 96.4c-9.4 9.4-24.6 9.4-33.9 0L7 329.7c-9.4-9.4-9.4-24.6 0-33.9l136-136c9.4-9.5 24.6-9.5 34-.1z\"><\/path><\/svg><\/span>\n\t\t\t\t\t\t\t\t\t\t\t\t\t\t<\/span>\n\t\t\t\t\t\t\t\t\t\t\t\t<a class=\"elementor-accordion-title\" tabindex=\"0\">Rejoignez le r\u00e9seau Eco-coach en devenant Point Info R\u00e9novation \u00e9nerg\u00e9tique.\u200b<\/a>\n\t\t\t\t\t<\/div>\n\t\t\t\t\t<div id=\"elementor-tab-content-1641\" class=\"elementor-tab-content elementor-clearfix\" data-tab=\"1\" role=\"region\" aria-labelledby=\"elementor-tab-title-1641\"><p>Rejoignez le r\u00e9seau Eco-coach en devenant Point Info R\u00e9novation \u00c9nerg\u00e9tiqueVous \u00eates un diagnostiqueur immobilier et vous souhaitez d\u00e9velopper votre activit\u00e9 \u00e9conomique en 2024 ? Eco-coach peut vous commissionner pour chaque affaire apport\u00e9e.Le choix du prestataire \u00e0 qui vous confiez la sous-traitance est primordial. La ma\u00eetrise d&rsquo;\u0153uvre joue un r\u00f4le essentiel dans la r\u00e9novation \u00e9nerg\u00e9tique. C&rsquo;est pourquoi\u00a0<a class=\"break-word hover:text-super hover:decoration-super dark:hover:text-superDark dark:hover:decoration-superDark underline decoration-from-font underline-offset-1 transition-all duration-300\" href=\"http:\/\/www.eco-coach.net\/\" target=\"_blank\" rel=\"nofollow noopener\">www.eco-coach.net<\/a>\u00a0lance un nouveau site Internet d\u00e9di\u00e9 \u00e0 l&rsquo;optimisation de la r\u00e9novation \u00e9nerg\u00e9tique. Cet espace regroupe l&rsquo;ensemble des offres relatives \u00e0 ce domaine.Rendez-vous sur\u00a0<a class=\"break-word hover:text-super hover:decoration-super dark:hover:text-superDark dark:hover:decoration-superDark underline decoration-from-font underline-offset-1 transition-all duration-300\" href=\"http:\/\/www.eco-coach.net\/\" target=\"_blank\" rel=\"nofollow noopener\">www.eco-coach.net<\/a>\u00a0pour d\u00e9couvrir toutes nos offres en mati\u00e8re de r\u00e9novation \u00e9nerg\u00e9tique. Nos pages vous aideront \u00e0 mieux comprendre les enjeux inh\u00e9rents \u00e0 la r\u00e9novation et \u00e0 inciter favorablement vos clients \u00e0 s&rsquo;engager dans des actions concr\u00e8tes :<\/p><ol class=\"list-decimal marker:font-mono marker:text-sm pl-11\"><li>Choix d&rsquo;un accompagnateur pour g\u00e9rer les d\u00e9marches administratives, financi\u00e8res et techniques<\/li><li>Audit v\u00e9rifi\u00e9 par une proc\u00e9dure interne<\/li><li>Appel d&rsquo;offres pour les travaux de r\u00e9novation \u00e9nerg\u00e9tique<\/li><li>Suivi de chantier assur\u00e9 en d\u00e9cennale par nos accompagnateurs<\/li><\/ol><p>\u00c0 noter : du c\u00f4t\u00e9 de la ma\u00eetrise d&rsquo;\u0153uvre, la diversit\u00e9 des acteurs entra\u00eene des disparit\u00e9s dans leurs connaissances et m\u00e9thodologies respectives. L&rsquo;attention port\u00e9e par les ma\u00eetres d&rsquo;\u0153uvre d\u00e8s la phase de conception des projets de r\u00e9novation \u00e9nerg\u00e9tique est d\u00e9terminante pour qualifier et quantifier l&rsquo;enveloppe financi\u00e8re et la performance \u00e9nerg\u00e9tique \u00e0 atteindre.<\/p><p>S\u00e9lectionner un bon ma\u00eetre d&rsquo;\u0153uvre est un v\u00e9ritable levier de performance gr\u00e2ce au r\u00e9seau Eco-coach.<\/p><\/div>\n\t\t\t\t<\/div>\n\t\t\t\t\t\t\t\t<\/div>\n\t\t\t\t\t\t<\/div>\n\t\t\t\t<\/div>\n\t\t\t\t\t<\/div>\n\t\t<\/div>\n\t\t\t\t\t<\/div>\n\t\t<\/section>\n\t\t\t\t<\/div>\n\t\t","protected":false},"excerpt":{"rendered":"<p>Rejoignez le r\u00e9seau Eco-coach en devenant Point Info R\u00e9novation \u00e9nerg\u00e9tique. Rejoignez le r\u00e9seau Eco-coach en devenant Point Info R\u00e9novation \u00e9nerg\u00e9tique.\u200b Rejoignez le r\u00e9seau Eco-coach en devenant Point Info R\u00e9novation \u00c9nerg\u00e9tiqueVous \u00eates un diagnostiqueur immobilier et vous souhaitez d\u00e9velopper votre activit\u00e9 \u00e9conomique en 2024 ? Eco-coach peut vous commissionner pour chaque affaire apport\u00e9e.Le choix du prestataire [&hellip;]<\/p>\n","protected":false},"author":1,"featured_media":0,"parent":405,"menu_order":0,"comment_status":"closed","ping_status":"closed","template":"","meta":{"_eb_attr":"","_uag_custom_page_level_css":"","site-sidebar-layout":"no-sidebar","site-content-layout":"page-builder","ast-site-content-layout":"full-width-container","site-content-style":"default","site-sidebar-style":"default","ast-global-header-display":"","ast-banner-title-visibility":"","ast-main-header-display":"","ast-hfb-above-header-display":"","ast-hfb-below-header-display":"","ast-hfb-mobile-header-display":"","site-post-title":"disabled","ast-breadcrumbs-content":"","ast-featured-img":"disabled","footer-sml-layout":"","theme-transparent-header-meta":"","adv-header-id-meta":"","stick-header-meta":"","header-above-stick-meta":"","header-main-stick-meta":"","header-below-stick-meta":"","astra-migrate-meta-layouts":"set","ast-page-background-enabled":"default","ast-page-background-meta":{"desktop":{"background-color":"","background-image":"","background-repeat":"repeat","background-position":"center center","background-size":"auto","background-attachment":"scroll","background-type":"","background-media":"","overlay-type":"","overlay-color":"","overlay-opacity":"","overlay-gradient":""},"tablet":{"background-color":"","background-image":"","background-repeat":"repeat","background-position":"center center","background-size":"auto","background-attachment":"scroll","background-type":"","background-media":"","overlay-type":"","overlay-color":"","overlay-opacity":"","overlay-gradient":""},"mobile":{"background-color":"","background-image":"","background-repeat":"repeat","background-position":"center center","background-size":"auto","background-attachment":"scroll","background-type":"","background-media":"","overlay-type":"","overlay-color":"","overlay-opacity":"","overlay-gradient":""}},"ast-content-background-meta":{"desktop":{"background-color":"var(--ast-global-color-5)","background-image":"","background-repeat":"repeat","background-position":"center center","background-size":"auto","background-attachment":"scroll","background-type":"","background-media":"","overlay-type":"","overlay-color":"","overlay-opacity":"","overlay-gradient":""},"tablet":{"background-color":"var(--ast-global-color-5)","background-image":"","background-repeat":"repeat","background-position":"center center","background-size":"auto","background-attachment":"scroll","background-type":"","background-media":"","overlay-type":"","overlay-color":"","overlay-opacity":"","overlay-gradient":""},"mobile":{"background-color":"var(--ast-global-color-5)","background-image":"","background-repeat":"repeat","background-position":"center center","background-size":"auto","background-attachment":"scroll","background-type":"","background-media":"","overlay-type":"","overlay-color":"","overlay-opacity":"","overlay-gradient":""}},"footnotes":""},"class_list":["post-1538","page","type-page","status-publish","hentry"],"_hostinger_reach_plugin_has_subscription_block":false,"_hostinger_reach_plugin_is_elementor":false,"uagb_featured_image_src":{"full":false,"thumbnail":false,"medium":false,"medium_large":false,"large":false,"1536x1536":false,"2048x2048":false,"woocommerce_thumbnail":false,"woocommerce_single":false,"woocommerce_gallery_thumbnail":false},"uagb_author_info":{"display_name":"eco-coach.pro","author_link":"https:\/\/eco-coach.pro\/index.php\/author\/eco-coach-pro\/"},"uagb_comment_info":0,"uagb_excerpt":"Rejoignez le r\u00e9seau Eco-coach en devenant Point Info R\u00e9novation \u00e9nerg\u00e9tique. Rejoignez le r\u00e9seau Eco-coach en devenant Point Info R\u00e9novation \u00e9nerg\u00e9tique.\u200b Rejoignez le r\u00e9seau Eco-coach en devenant Point Info R\u00e9novation \u00c9nerg\u00e9tiqueVous \u00eates un diagnostiqueur immobilier et vous souhaitez d\u00e9velopper votre activit\u00e9 \u00e9conomique en 2024 ? Eco-coach peut vous commissionner pour chaque affaire apport\u00e9e.Le choix du prestataire\u2026","jetpack_sharing_enabled":true,"_links":{"self":[{"href":"https:\/\/eco-coach.pro\/index.php\/wp-json\/wp\/v2\/pages\/1538","targetHints":{"allow":["GET"]}}],"collection":[{"href":"https:\/\/eco-coach.pro\/index.php\/wp-json\/wp\/v2\/pages"}],"about":[{"href":"https:\/\/eco-coach.pro\/index.php\/wp-json\/wp\/v2\/types\/page"}],"author":[{"embeddable":true,"href":"https:\/\/eco-coach.pro\/index.php\/wp-json\/wp\/v2\/users\/1"}],"replies":[{"embeddable":true,"href":"https:\/\/eco-coach.pro\/index.php\/wp-json\/wp\/v2\/comments?post=1538"}],"version-history":[{"count":13,"href":"https:\/\/eco-coach.pro\/index.php\/wp-json\/wp\/v2\/pages\/1538\/revisions"}],"predecessor-version":[{"id":5238,"href":"https:\/\/eco-coach.pro\/index.php\/wp-json\/wp\/v2\/pages\/1538\/revisions\/5238"}],"up":[{"embeddable":true,"href":"https:\/\/eco-coach.pro\/index.php\/wp-json\/wp\/v2\/pages\/405"}],"wp:attachment":[{"href":"https:\/\/eco-coach.pro\/index.php\/wp-json\/wp\/v2\/media?parent=1538"}],"curies":[{"name":"wp","href":"https:\/\/api.w.org\/{rel}","templated":true}]}}